{"id":2,"date":"2018-03-21T21:54:58","date_gmt":"2018-03-21T21:54:58","guid":{"rendered":"http:\/\/cial.org.ar\/cialnews\/?page_id=2"},"modified":"2018-09-26T07:12:54","modified_gmt":"2018-09-26T04:12:54","slug":"newsletter","status":"publish","type":"page","link":"http:\/\/cial.org.ar\/cialnews\/newsletter\/","title":{"rendered":"Recib\u00ed nuestro newsletter con las \u00faltimas noticias"},"content":{"rendered":"<p>&nbsp;<\/p>\n<p><script type=\"text\/javascript\" src=\"https:\/\/v3.esmsv.com\/form\/renderwidget\/format\/widget\/AdministratorID\/70599\/FormID\/3\"><\/script><br \/>\n<strong>CIAL NEWS<\/strong> difunde contenidos de inter\u00e9s para el canal librero papelero y sus consumidores. Invitamos a los todos socios de la C\u00e1mara a sumarse a nuestros canales de difusi\u00f3n con novedades, noticias y actividades recreativas, culturales y educativas. Este espacio, que se suma al aporte de la secci\u00f3n Noticias de los socios en la revista CIAL NEWS, replicar\u00e1 sus informes a trav\u00e9s de otros soportes digitales complementarios como redes sociales y boletines de noticias.<\/p>\n<p>&nbsp;<\/p>\n","protected":false},"excerpt":{"rendered":"<p>&nbsp; CIAL NEWS difunde contenidos de inter\u00e9s para el canal librero papelero y sus consumidores. Invitamos a los todos socios de la C\u00e1mara a sumarse a nuestros canales de difusi\u00f3n&hellip;<\/p>\n","protected":false},"author":4,"featured_media":0,"parent":0,"menu_order":0,"comment_status":"closed","ping_status":"open","template":"","meta":{"footnotes":""},"class_list":["post-2","page","type-page","status-publish","hentry"],"_links":{"self":[{"href":"http:\/\/cial.org.ar\/cialnews\/wp-json\/wp\/v2\/pages\/2","targetHints":{"allow":["GET"]}}],"collection":[{"href":"http:\/\/cial.org.ar\/cialnews\/wp-json\/wp\/v2\/pages"}],"about":[{"href":"http:\/\/cial.org.ar\/cialnews\/wp-json\/wp\/v2\/types\/page"}],"author":[{"embeddable":true,"href":"http:\/\/cial.org.ar\/cialnews\/wp-json\/wp\/v2\/users\/4"}],"replies":[{"embeddable":true,"href":"http:\/\/cial.org.ar\/cialnews\/wp-json\/wp\/v2\/comments?post=2"}],"version-history":[{"count":2,"href":"http:\/\/cial.org.ar\/cialnews\/wp-json\/wp\/v2\/pages\/2\/revisions"}],"predecessor-version":[{"id":1716,"href":"http:\/\/cial.org.ar\/cialnews\/wp-json\/wp\/v2\/pages\/2\/revisions\/1716"}],"wp:attachment":[{"href":"http:\/\/cial.org.ar\/cialnews\/wp-json\/wp\/v2\/media?parent=2"}],"curies":[{"name":"wp","href":"https:\/\/api.w.org\/{rel}","templated":true}]}}